{"id":9069,"date":"2023-03-07T10:48:00","date_gmt":"2023-03-07T10:48:00","guid":{"rendered":"https:\/\/deschouwermotos.be\/?page_id=9069"},"modified":"2023-03-07T10:48:00","modified_gmt":"2023-03-07T10:48:00","slug":"onderdelen","status":"publish","type":"page","link":"https:\/\/deschouwermotos.be\/fr\/onderdelen\/","title":{"rendered":"Pi\u00e8ces"},"content":{"rendered":"","protected":false},"excerpt":{"rendered":"","protected":false},"author":1,"featured_media":0,"parent":0,"menu_order":0,"comment_status":"closed","ping_status":"closed","template":"","meta":{"_acf_changed":false,"footnotes":""},"class_list":["post-9069","page","type-page","status-publish","hentry"],"acf":[],"yoast_head":"<!-- This site is optimized with the Yoast SEO plugin v27.3 - https:\/\/yoast.com\/product\/yoast-seo-wordpress\/ -->\n<title>Onderdelen - Deschouwermotos<\/title>\n<meta name=\"robots\" content=\"index, follow, max-snippet:-1, max-image-preview:large, max-video-preview:-1\" \/>\n<link rel=\"canonical\" href=\"https:\/\/deschouwermotos.be\/fr\/onderdelen\/\" \/>\n<meta property=\"og:locale\" content=\"fr_FR\" \/>\n<meta property=\"og:type\" content=\"article\" \/>\n<meta property=\"og:title\" content=\"Onderdelen - Deschouwermotos\" \/>\n<meta property=\"og:url\" content=\"https:\/\/deschouwermotos.be\/fr\/onderdelen\/\" \/>\n<meta property=\"og:site_name\" content=\"Deschouwermotos\" \/>\n<meta name=\"twitter:card\" content=\"summary_large_image\" \/>\n<script type=\"application\/ld+json\" class=\"yoast-schema-graph\">{\"@context\":\"https:\\\/\\\/schema.org\",\"@graph\":[{\"@type\":\"WebPage\",\"@id\":\"https:\\\/\\\/deschouwermotos.be\\\/onderdelen\\\/\",\"url\":\"https:\\\/\\\/deschouwermotos.be\\\/onderdelen\\\/\",\"name\":\"Onderdelen - Deschouwermotos\",\"isPartOf\":{\"@id\":\"https:\\\/\\\/deschouwermotos.be\\\/#website\"},\"datePublished\":\"2023-03-07T10:48:00+00:00\",\"breadcrumb\":{\"@id\":\"https:\\\/\\\/deschouwermotos.be\\\/onderdelen\\\/#breadcrumb\"},\"inLanguage\":\"fr-BE\",\"potentialAction\":[{\"@type\":\"ReadAction\",\"target\":[\"https:\\\/\\\/deschouwermotos.be\\\/onderdelen\\\/\"]}]},{\"@type\":\"BreadcrumbList\",\"@id\":\"https:\\\/\\\/deschouwermotos.be\\\/onderdelen\\\/#breadcrumb\",\"itemListElement\":[{\"@type\":\"ListItem\",\"position\":1,\"name\":\"Home\",\"item\":\"https:\\\/\\\/deschouwermotos.be\\\/\"},{\"@type\":\"ListItem\",\"position\":2,\"name\":\"Onderdelen\"}]},{\"@type\":\"WebSite\",\"@id\":\"https:\\\/\\\/deschouwermotos.be\\\/#website\",\"url\":\"https:\\\/\\\/deschouwermotos.be\\\/\",\"name\":\"Deschouwermotos\",\"description\":\"Deschouwer Megastore 2.0\",\"potentialAction\":[{\"@type\":\"SearchAction\",\"target\":{\"@type\":\"EntryPoint\",\"urlTemplate\":\"https:\\\/\\\/deschouwermotos.be\\\/?s={search_term_string}\"},\"query-input\":{\"@type\":\"PropertyValueSpecification\",\"valueRequired\":true,\"valueName\":\"search_term_string\"}}],\"inLanguage\":\"fr-BE\"}]}<\/script>\n<!-- \/ Yoast SEO plugin. -->","yoast_head_json":{"title":"Pi\u00e8ces d\u00e9tach\u00e9es - Deschouwermotos","robots":{"index":"index","follow":"follow","max-snippet":"max-snippet:-1","max-image-preview":"max-image-preview:large","max-video-preview":"max-video-preview:-1"},"canonical":"https:\/\/deschouwermotos.be\/fr\/onderdelen\/","og_locale":"fr_FR","og_type":"article","og_title":"Onderdelen - Deschouwermotos","og_url":"https:\/\/deschouwermotos.be\/fr\/onderdelen\/","og_site_name":"Deschouwermotos","twitter_card":"summary_large_image","schema":{"@context":"https:\/\/schema.org","@graph":[{"@type":"WebPage","@id":"https:\/\/deschouwermotos.be\/onderdelen\/","url":"https:\/\/deschouwermotos.be\/onderdelen\/","name":"Pi\u00e8ces d\u00e9tach\u00e9es - Deschouwermotos","isPartOf":{"@id":"https:\/\/deschouwermotos.be\/#website"},"datePublished":"2023-03-07T10:48:00+00:00","breadcrumb":{"@id":"https:\/\/deschouwermotos.be\/onderdelen\/#breadcrumb"},"inLanguage":"fr-BE","potentialAction":[{"@type":"ReadAction","target":["https:\/\/deschouwermotos.be\/onderdelen\/"]}]},{"@type":"BreadcrumbList","@id":"https:\/\/deschouwermotos.be\/onderdelen\/#breadcrumb","itemListElement":[{"@type":"ListItem","position":1,"name":"Home","item":"https:\/\/deschouwermotos.be\/"},{"@type":"ListItem","position":2,"name":"Onderdelen"}]},{"@type":"WebSite","@id":"https:\/\/deschouwermotos.be\/#website","url":"https:\/\/deschouwermotos.be\/","name":"Deschouwermotos","description":"Megastore Deschouwer 2.0","potentialAction":[{"@type":"SearchAction","target":{"@type":"EntryPoint","urlTemplate":"https:\/\/deschouwermotos.be\/?s={search_term_string}"},"query-input":{"@type":"PropertyValueSpecification","valueRequired":true,"valueName":"search_term_string"}}],"inLanguage":"fr-BE"}]}},"_links":{"self":[{"href":"https:\/\/deschouwermotos.be\/fr\/wp-json\/wp\/v2\/pages\/9069","targetHints":{"allow":["GET"]}}],"collection":[{"href":"https:\/\/deschouwermotos.be\/fr\/wp-json\/wp\/v2\/pages"}],"about":[{"href":"https:\/\/deschouwermotos.be\/fr\/wp-json\/wp\/v2\/types\/page"}],"author":[{"embeddable":true,"href":"https:\/\/deschouwermotos.be\/fr\/wp-json\/wp\/v2\/users\/1"}],"replies":[{"embeddable":true,"href":"https:\/\/deschouwermotos.be\/fr\/wp-json\/wp\/v2\/comments?post=9069"}],"version-history":[{"count":1,"href":"https:\/\/deschouwermotos.be\/fr\/wp-json\/wp\/v2\/pages\/9069\/revisions"}],"predecessor-version":[{"id":9070,"href":"https:\/\/deschouwermotos.be\/fr\/wp-json\/wp\/v2\/pages\/9069\/revisions\/9070"}],"wp:attachment":[{"href":"https:\/\/deschouwermotos.be\/fr\/wp-json\/wp\/v2\/media?parent=9069"}],"curies":[{"name":"wp","href":"https:\/\/api.w.org\/{rel}","templated":true}]}}